{"id":7,"date":"2019-03-11T13:36:51","date_gmt":"2019-03-11T13:36:51","guid":{"rendered":"https:\/\/isometal.al\/?page_id=7"},"modified":"2019-03-11T15:41:05","modified_gmt":"2019-03-11T15:41:05","slug":"home","status":"publish","type":"page","link":"https:\/\/isometal.al\/","title":{"rendered":"Home"},"content":{"rendered":"<div class=\"wpb-content-wrapper\"><p>[vc_row][vc_column][vc_custom_heading text=&#8221;Pannelli coibentati e accessori<br \/>\n&#8221; font_container=&#8221;tag:h2|text_align:center&#8221; google_fonts=&#8221;font_family:Roboto%3A100%2C100italic%2C300%2C300italic%2Cregular%2Citalic%2C500%2C500italic%2C700%2C700italic%2C900%2C900italic|font_style:400%20regular%3A400%3Anormal&#8221; css=&#8221;.vc_custom_1552312589036{margin-top: -40px !important;}&#8221;][vc_empty_space][\/vc_column][\/vc_row][vc_row][vc_column width=&#8221;1\/3&#8243;]<div class=\"ult-content-box-container \" >\t\t<div class=\"ult-content-box\" style=\"box-shadow: px px px px none;border-style:none;border-width:1px;border-color:#e66615;-webkit-transition: all 700ms ease;-moz-transition: all 700ms ease;-ms-transition: all 700ms ease;-o-transition: all 700ms ease;transition: all 700ms ease;\"  data-hover_box_shadow=\"none\"     data-border_color=\"#e66615\" >[vc_single_image image=&#8221;36&#8243; img_size=&#8221;full&#8221; alignment=&#8221;center&#8221; style=&#8221;vc_box_border&#8221; border_color=&#8221;sandy_brown&#8221; image_hovers=&#8221;false&#8221;][vc_custom_heading text=&#8221;Pannelli Copertura&#8221; font_container=&#8221;tag:h3|text_align:center|color:%23e66615&#8243; google_fonts=&#8221;font_family:Roboto%3A100%2C100italic%2C300%2C300italic%2Cregular%2Citalic%2C500%2C500italic%2C700%2C700italic%2C900%2C900italic|font_style:500%20bold%20regular%3A500%3Anormal&#8221; css=&#8221;.vc_custom_1552313226807{margin-top: -20px !important;}&#8221;][vc_column_text]<\/p>\n<p style=\"text-align: center;\">I diversi modelli ISOLPACK ROOF compongono un sistema completo di pannelli metallici monolitici precoibentati, adatti per ogni genere di copertura. La base dei pannelli \u00e8 in lamiera grecata ISOLPACK, la coibentazione \u00e8 costituita da schiuma espansa rigida in poliuretano.<\/p>\n<p>[\/vc_column_text][vc_btn title=&#8221;READ MORE&#8221; style=&#8221;outline-custom&#8221; outline_custom_color=&#8221;#e66615&#8243; outline_custom_hover_background=&#8221;#e5e5e5&#8243; outline_custom_hover_text=&#8221;#ffffff&#8221; shape=&#8221;square&#8221; align=&#8221;center&#8221; css=&#8221;.vc_custom_1552318475027{margin-top: -20px !important;}&#8221; link=&#8221;url:%2Findex.php%2Fcopertura%2F|||&#8221;]\t\t<\/div><\/div>[\/vc_column][vc_column width=&#8221;1\/3&#8243;]<div class=\"ult-content-box-container \" >\t\t<div class=\"ult-content-box\" style=\"box-shadow: px px px px none;border-style:none;border-width:1px;border-color:#e66615;-webkit-transition: all 700ms ease;-moz-transition: all 700ms ease;-ms-transition: all 700ms ease;-o-transition: all 700ms ease;transition: all 700ms ease;\"  data-hover_box_shadow=\"none\"     data-border_color=\"#e66615\" >[vc_single_image image=&#8221;37&#8243; img_size=&#8221;full&#8221; alignment=&#8221;center&#8221; style=&#8221;vc_box_border&#8221; border_color=&#8221;sandy_brown&#8221; image_hovers=&#8221;false&#8221;][vc_custom_heading text=&#8221;Pannelli Parete&#8221; font_container=&#8221;tag:h3|text_align:center|color:%23e66615&#8243; google_fonts=&#8221;font_family:Roboto%3A100%2C100italic%2C300%2C300italic%2Cregular%2Citalic%2C500%2C500italic%2C700%2C700italic%2C900%2C900italic|font_style:500%20bold%20regular%3A500%3Anormal&#8221; css=&#8221;.vc_custom_1552313255453{margin-top: -20px !important;}&#8221;][vc_column_text css=&#8221;.vc_custom_1552313301088{padding-right: 20px !important;padding-left: 20px !important;}&#8221;]<\/p>\n<p style=\"text-align: center;\">Sono facili da installare e garantiscono elevato isolamento i pannelli metallici PARETE con isolamento in resine poliuretaniche. Prodotti in continuo fin dagli anni Settanta, i pannelli parete panelcenter sono disponibili in diversi modelli adatti a tutte le esigenze.<\/p>\n<p>[\/vc_column_text][vc_btn title=&#8221;READ MORE&#8221; style=&#8221;outline-custom&#8221; outline_custom_color=&#8221;#e66615&#8243; outline_custom_hover_background=&#8221;#e5e5e5&#8243; outline_custom_hover_text=&#8221;#ffffff&#8221; shape=&#8221;square&#8221; align=&#8221;center&#8221; css=&#8221;.vc_custom_1552318468806{margin-top: -20px !important;}&#8221; link=&#8221;url:%2Findex.php%2Fparete%2F|||&#8221;]\t\t<\/div><\/div>[\/vc_column][vc_column width=&#8221;1\/3&#8243;]<div class=\"ult-content-box-container \" >\t\t<div class=\"ult-content-box\" style=\"box-shadow: px px px px none;border-style:none;border-width:1px;border-color:#e66615;-webkit-transition: all 700ms ease;-moz-transition: all 700ms ease;-ms-transition: all 700ms ease;-o-transition: all 700ms ease;transition: all 700ms ease;\"  data-hover_box_shadow=\"none\"     data-border_color=\"#e66615\" >[vc_single_image image=&#8221;35&#8243; img_size=&#8221;full&#8221; alignment=&#8221;center&#8221; style=&#8221;vc_box_border&#8221; border_color=&#8221;sandy_brown&#8221; image_hovers=&#8221;false&#8221;][vc_custom_heading text=&#8221;Lamiere Gregate&#8221; font_container=&#8221;tag:h3|text_align:center|color:%23e66615&#8243; google_fonts=&#8221;font_family:Roboto%3A100%2C100italic%2C300%2C300italic%2Cregular%2Citalic%2C500%2C500italic%2C700%2C700italic%2C900%2C900italic|font_style:500%20bold%20regular%3A500%3Anormal&#8221; css=&#8221;.vc_custom_1552313281057{margin-top: -20px !important;}&#8221;][vc_column_text]<\/p>\n<p style=\"text-align: center;\">Sono adatte alla realizzazione di coperture, soffittature e solai i diversi modelli di LAMIERE GRECATE ISOLPACK. Profilate a freddo, sono studiate per garantire peso ridotto ed elevate caratteristiche statiche, con notevole risparmio sui costi di realizzazione.<\/p>\n<p>[\/vc_column_text][vc_btn title=&#8221;READ MORE&#8221; style=&#8221;outline-custom&#8221; outline_custom_color=&#8221;#e66615&#8243; outline_custom_hover_background=&#8221;#e5e5e5&#8243; outline_custom_hover_text=&#8221;#ffffff&#8221; shape=&#8221;square&#8221; align=&#8221;center&#8221; css=&#8221;.vc_custom_1552318462834{margin-top: -20px !important;}&#8221; link=&#8221;url:%2Findex.php%2Flamiere-grecate%2F|||&#8221;]\t\t<\/div><\/div>[\/vc_column][\/vc_row][vc_row bg_type=&#8221;bg_color&#8221; bg_override=&#8221;ex-full&#8221; bg_color_value=&#8221;#f7f7f7&#8243;][vc_column][vc_empty_space][vc_custom_heading text=&#8221;Certificazioni<br \/>\n&#8221; font_container=&#8221;tag:h2|text_align:center&#8221; google_fonts=&#8221;font_family:Roboto%3A100%2C100italic%2C300%2C300italic%2Cregular%2Citalic%2C500%2C500italic%2C700%2C700italic%2C900%2C900italic|font_style:400%20regular%3A400%3Anormal&#8221;][vc_empty_space][vc_row_inner][vc_column_inner width=&#8221;1\/3&#8243;][vc_single_image image=&#8221;45&#8243; img_size=&#8221;full&#8221; alignment=&#8221;center&#8221;][vc_column_text]<\/p>\n<p style=\"text-align: justify;\">Isolpack SpA considera il Sistema di Gestione della Qualit\u00e0 come uno strumento importante per lo sviluppo e per l&#8217;organizzazione dell&#8217;Azienda. Grazie alle norme UNI EN ISO 9001:2008 &#8211; per la gestione aziendale ed il controllo dei processi &#8211; viene sottolineata la centralit\u00e0 del Cliente. Il Sistema di Gestione per la Qualit\u00e0 si caratterizza infatti per avere un processo interno adeguato, efficace e quanto pi\u00f9 possibile efficiente, orientato al miglioramento continuo.<\/p>\n<p>[\/vc_column_text][\/vc_column_inner][vc_column_inner width=&#8221;1\/3&#8243;][vc_single_image image=&#8221;43&#8243; img_size=&#8221;full&#8221; alignment=&#8221;center&#8221;][vc_column_text]<\/p>\n<p style=\"text-align: justify;\">I pannelli Isolpack sono pensati per dare le migliori performance e rispettare tutti gli standard europei di qualit\u00e0 e affidabilit\u00e0: lo garantisce la marcatura CE. I pannelli Isolpack sono conformi ai valori risultanti dalle prove ITT per l&#8217;ottenimento della marcatura CE, realizzare presso l&#8217;Istituto di Certificazione K.I.T. di Karlsruhe (germania).<\/p>\n<p>[\/vc_column_text][\/vc_column_inner][vc_column_inner width=&#8221;1\/3&#8243;][vc_single_image image=&#8221;44&#8243; img_size=&#8221;full&#8221; alignment=&#8221;center&#8221;][vc_column_text]<\/p>\n<p style=\"text-align: justify;\">ECOLINE, nella versione non standard, classe REI, assicura: Resistenza meccanica sotto l&#8217;azione del fuoco, ermeticit\u00e0 o tenuta ai fumi, ed isolamento nella trasmissione del calore. I pannelli sona una valida risposta basata sulla base dell&#8217;attenzione al problema abbinato ad un certificato di legge, a dimostrare la conformit\u00e0 agli standard internazionali.<\/p>\n<p>[\/vc_column_text][\/vc_column_inner][\/vc_row_inner][\/vc_column][\/vc_row][vc_row css=&#8221;.vc_custom_1552316606695{margin-bottom: -50px !important;}&#8221;][vc_column][vc_empty_space][vc_custom_heading text=&#8221;Modularit\u00e0, Efficienza Energetica<br \/>\n&#8221; font_container=&#8221;tag:h2|text_align:center&#8221; google_fonts=&#8221;font_family:Roboto%3A100%2C100italic%2C300%2C300italic%2Cregular%2Citalic%2C500%2C500italic%2C700%2C700italic%2C900%2C900italic|font_style:400%20regular%3A400%3Anormal&#8221;][vc_custom_heading text=&#8221;Partner&#8221; font_container=&#8221;tag:h2|text_align:center|color:%23e66615&#8243; google_fonts=&#8221;font_family:Roboto%3A100%2C100italic%2C300%2C300italic%2Cregular%2Citalic%2C500%2C500italic%2C700%2C700italic%2C900%2C900italic|font_style:400%20regular%3A400%3Anormal&#8221;][vc_empty_space][vc_row_inner][vc_column_inner width=&#8221;1\/6&#8243;][\/vc_column_inner][vc_column_inner width=&#8221;1\/6&#8243;]\n<div tabindex=\"0\" id=\"interactive-banner-1-wrap-6960\" class=\"ult-banner-block ult-adjust-bottom-margin ult-bb-box ult-banner-block-custom-height banner-style01 \"   style=\"height:218px;\">\n\t<img decoding=\"async\" src=\"https:\/\/isometal.al\/wp-content\/uploads\/2019\/03\/2-2.jpg\" alt=\"null\">\n\t<h3  data-ultimate-target='#interactive-banner-1-wrap-6960 .bb-top-title '  data-responsive-json-new='{\"font-size\":\"\",\"line-height\":\"\"}'  class=\"title-center bb-top-title ult-responsive\" style=\"font-weight:normal;background:#000000;color:#ffffff;\">Isolpack Catalogo<\/h3>\n\t<div class=\"mask opaque-background\" style=\"background:rgba(36,36,36,0.52);\">\n\t\t<div  data-ultimate-target='#interactive-banner-1-wrap-6960 .bb-description'  data-responsive-json-new='{\"font-size\":\"\",\"line-height\":\"\"}'  class=\"bb-description ult-responsive\" style=\"font-weight:normal;color:#ffffff;\"><\/div>\n\t<\/div><a class=\"bb-link\" href=\"http:\/\/www.isolpack.com\/\" ><\/a>\n<\/div>[\/vc_column_inner][vc_column_inner width=&#8221;1\/6&#8243;]\n<div tabindex=\"0\" id=\"interactive-banner-1-wrap-2092\" class=\"ult-banner-block ult-adjust-bottom-margin ult-bb-box  banner-style01 \"   style=\"\">\n\t<img decoding=\"async\" src=\"https:\/\/isometal.al\/wp-content\/uploads\/2019\/03\/xrkzfzxtru2cdezyydz8_400x400.jpeg\" alt=\"null\">\n\t<h3  data-ultimate-target='#interactive-banner-1-wrap-2092 .bb-top-title '  data-responsive-json-new='{\"font-size\":\"\",\"line-height\":\"\"}'  class=\"title-center bb-top-title ult-responsive\" style=\"font-weight:normal;background:#000000;color:#ffffff;\">Isolpack<\/h3>\n\t<div class=\"mask opaque-background\" style=\"background:rgba(36,36,36,0.52);\">\n\t\t<div  data-ultimate-target='#interactive-banner-1-wrap-2092 .bb-description'  data-responsive-json-new='{\"font-size\":\"\",\"line-height\":\"\"}'  class=\"bb-description ult-responsive\" style=\"font-weight:normal;color:#ffffff;\">Da 60 anni Isolpack \u00e8 l\u2019azienda leader nel settore di produzione di materiali per l\u2019edilizia civile ed industriale, con numerosi componenti metallici modulari per coperture, solai, pareti e controsoffitti per l'edilizia civile ed industriale.<\/p>\n<p><\/div>\n\t<\/div><a class=\"bb-link\" href=\"http:\/\/www.isolpack.com\/\" ><\/a>\n<\/div>[\/vc_column_inner][vc_column_inner width=&#8221;1\/6&#8243;]\n<div tabindex=\"0\" id=\"interactive-banner-1-wrap-2714\" class=\"ult-banner-block ult-adjust-bottom-margin ult-bb-box  banner-style01 \"   style=\"\">\n\t<img decoding=\"async\" src=\"https:\/\/isometal.al\/wp-content\/uploads\/2019\/03\/sitav.jpg\" alt=\"null\">\n\t<h3  data-ultimate-target='#interactive-banner-1-wrap-2714 .bb-top-title '  data-responsive-json-new='{\"font-size\":\"\",\"line-height\":\"\"}'  class=\"title-center bb-top-title ult-responsive\" style=\"font-weight:normal;background:#000000;color:#ffffff;\">Sitav Costruzioni <\/h3>\n\t<div class=\"mask opaque-background\" style=\"background:rgba(36,36,36,0.52);\">\n\t\t<div  data-ultimate-target='#interactive-banner-1-wrap-2714 .bb-description'  data-responsive-json-new='{\"font-size\":\"\",\"line-height\":\"\"}'  class=\"bb-description ult-responsive\" style=\"font-weight:normal;color:#ffffff;\">Sitav Costruzioni Generali \u00e8 strutturata in tre divisioni: Divisione Bonifica Acustica (specializzata nella progettazione e costruzione di barriere antirumore), Divisione Edilizia per l'Industria (progettazione realizzazione chiavi in mani di edifici prefabbricati di grandi dimensioni) e Divisione Isotecnica Freddo industriale (progettazione e realizzazione di celle frigo, frigoriferi industriali)<\/p>\n<p><\/div>\n\t<\/div><a class=\"bb-link\" href=\"http:\/\/www.sitav.com\/\" ><\/a>\n<\/div>[\/vc_column_inner][vc_column_inner width=&#8221;1\/6&#8243;]\n<div tabindex=\"0\" id=\"interactive-banner-1-wrap-5429\" class=\"ult-banner-block ult-adjust-bottom-margin ult-bb-box ult-banner-block-custom-height banner-style01 \"   style=\"height:218px;\">\n\t<img decoding=\"async\" src=\"https:\/\/isometal.al\/wp-content\/uploads\/2019\/03\/1-2.jpg\" alt=\"null\">\n\t<h3  data-ultimate-target='#interactive-banner-1-wrap-5429 .bb-top-title '  data-responsive-json-new='{\"font-size\":\"\",\"line-height\":\"\"}'  class=\"title-center bb-top-title ult-responsive\" style=\"font-weight:normal;background:#000000;color:#ffffff;\">Isometal Catalogo<\/h3>\n\t<div class=\"mask opaque-background\" style=\"background:rgba(36,36,36,0.52);\">\n\t\t<div  data-ultimate-target='#interactive-banner-1-wrap-5429 .bb-description'  data-responsive-json-new='{\"font-size\":\"\",\"line-height\":\"\"}'  class=\"bb-description ult-responsive\" style=\"font-weight:normal;color:#ffffff;\"><\/div>\n\t<\/div><a class=\"bb-link\" href=\"http:\/\/www.isolpack.com\/\" ><\/a>\n<\/div>[\/vc_column_inner][vc_column_inner width=&#8221;1\/6&#8243;][\/vc_column_inner][\/vc_row_inner][\/vc_column][\/vc_row]<\/p>\n<\/div>","protected":false},"excerpt":{"rendered":"<p>[vc_row][vc_column][vc_custom_heading text=&#8221;Pannelli coibentati e accessori &#8221; font_container=&#8221;tag:h2|text_align:center&#8221; google_fonts=&#8221;font_family:Roboto%3A100%2C100italic%2C300%2C300italic%2Cregular%2Citalic%2C500%2C500italic%2C700%2C700italic%2C900%2C900italic|font_style:400%20regular%3A400%3Anormal&#8221; css=&#8221;.vc_custom_1552312589036{margin-top: -40px !important;}&#8221;][vc_empty_space][\/vc_column][\/vc_row][vc_row][vc_column width=&#8221;1\/3&#8243;][\/vc_column][vc_column width=&#8221;1\/3&#8243;][\/vc_column][vc_column width=&#8221;1\/3&#8243;][\/vc_column][\/vc_row][vc_row bg_type=&#8221;bg_color&#8221; bg_override=&#8221;ex-full&#8221; bg_color_value=&#8221;#f7f7f7&#8243;][vc_column][vc_empty_space][vc_custom_heading text=&#8221;Certificazioni &#8221; font_container=&#8221;tag:h2|text_align:center&#8221; google_fonts=&#8221;font_family:Roboto%3A100%2C100italic%2C300%2C300italic%2Cregular%2Citalic%2C500%2C500italic%2C700%2C700italic%2C900%2C900italic|font_style:400%20regular%3A400%3Anormal&#8221;][vc_empty_space][vc_row_inner][vc_column_inner width=&#8221;1\/3&#8243;][vc_single_image image=&#8221;45&#8243; img_size=&#8221;full&#8221; alignment=&#8221;center&#8221;][vc_column_text] Isolpack SpA considera il Sistema di Gestione della Qualit\u00e0 come uno strumento importante per lo sviluppo e per l&#8217;organizzazione dell&#8217;Azienda. Grazie alle norme UNI EN ISO 9001:2008 &#8211; per la&hellip;<\/p>\n","protected":false},"author":2,"featured_media":0,"parent":0,"menu_order":0,"comment_status":"closed","ping_status":"closed","template":"","meta":{"footnotes":""},"class_list":["post-7","page","type-page","status-publish","hentry","description-off"],"_links":{"self":[{"href":"https:\/\/isometal.al\/index.php\/wp-json\/wp\/v2\/pages\/7","targetHints":{"allow":["GET"]}}],"collection":[{"href":"https:\/\/isometal.al\/index.php\/wp-json\/wp\/v2\/pages"}],"about":[{"href":"https:\/\/isometal.al\/index.php\/wp-json\/wp\/v2\/types\/page"}],"author":[{"embeddable":true,"href":"https:\/\/isometal.al\/index.php\/wp-json\/wp\/v2\/users\/2"}],"replies":[{"embeddable":true,"href":"https:\/\/isometal.al\/index.php\/wp-json\/wp\/v2\/comments?post=7"}],"version-history":[{"count":10,"href":"https:\/\/isometal.al\/index.php\/wp-json\/wp\/v2\/pages\/7\/revisions"}],"predecessor-version":[{"id":93,"href":"https:\/\/isometal.al\/index.php\/wp-json\/wp\/v2\/pages\/7\/revisions\/93"}],"wp:attachment":[{"href":"https:\/\/isometal.al\/index.php\/wp-json\/wp\/v2\/media?parent=7"}],"curies":[{"name":"wp","href":"https:\/\/api.w.org\/{rel}","templated":true}]}}